{"id":9443,"date":"2025-12-15T11:01:21","date_gmt":"2025-12-15T17:01:21","guid":{"rendered":"https:\/\/www.abordohub.com\/chi-siamo\/"},"modified":"2026-03-05T22:22:36","modified_gmt":"2026-03-06T04:22:36","slug":"chi-siamo","status":"publish","type":"page","link":"https:\/\/www.abordohub.com\/it\/chi-siamo\/","title":{"rendered":"Chi siamo"},"content":{"rendered":"<div class=\"et_pb_section_0 et_pb_section et_section_regular et_flex_section preset--module--divi-section--default\">\n<div class=\"et_pb_row_0 et_pb_row et_flex_row preset--module--divi-row--default\">\n<div class=\"et_pb_column_0 et_pb_column et-last-child et_flex_column et_pb_css_mix_blend_mode_passthrough et_flex_column_24_24 et_flex_column_24_24_tablet et_flex_column_24_24_phone preset--module--divi-column--default\">\n<div class=\"et_pb_heading_0 et_pb_heading et_pb_module et_flex_module preset--group--divi-heading--divi-font--pg6n7jsl7s preset--module--divi-heading--nug91alyh6\"><div class=\"et_pb_heading_container\"><h3 class=\"et_pb_module_header\">Ciao!<\/h3><\/div><\/div>\n\n<div class=\"et_pb_text_0 et_pb_text et_pb_bg_layout_light et_pb_module et_flex_module preset--group--divi-text--divi-font-body--default preset--module--divi-text--default\"><div class=\"et_pb_text_inner\"><p>Siamo Mar e Pietro, le persone dietro A Bordo.<\/p>\n<p>Abbiamo creato questo HUB creativo come uno <strong>spazio in cui convergono progetti, idee e persone che cercano di costruire qualcosa con uno scopo<\/strong>.<\/p>\n<p>La nostra vita interculturale tra Messico e Italia ci ha portato a conoscere luoghi diversi, a collaborare a progetti in vari paesi e a scoprire qualcosa di importante: le migliori opportunit\u00e0 nascono quando le persone giuste si incontrano.<\/p>\n<p><strong>A Bordo nasce proprio da questa idea<\/strong>; uno spazio per connettere progetti, dare impulso a iniziative e costruire una comunit\u00e0 dove le idee possano crescere.<\/p>\n<\/div><\/div>\n<\/div>\n<\/div>\n<\/div>\n\n<div class=\"et_pb_section_1 et_pb_section et_section_regular et_flex_section preset--module--divi-section--default\">\n<div class=\"et_pb_row_1 et_pb_row et_flex_row preset--module--divi-row--default\">\n<div class=\"et_pb_column_1 et_pb_column et_flex_column et_pb_css_mix_blend_mode_passthrough et_flex_column_12_24 et_flex_column_12_24_tablet et_flex_column_24_24_phone preset--module--divi-column--default\">\n<div class=\"et_pb_group_0 et_pb_group et-last-child et_pb_module et_flex_group et_pb_css_mix_blend_mode_passthrough\" id=\"author\">\n<div class=\"et_pb_image_0 et_pb_image et_pb_module et_flex_module\"><span class=\"et_pb_image_wrap\"><img loading=\"lazy\" decoding=\"async\" src=\"https:\/\/abordohub.com\/wp-content\/uploads\/2026\/02\/mar-sq.jpg\" title=\"mar-sq\" width=\"1080\" height=\"1080\" srcset=\"https:\/\/abordohub.com\/wp-content\/uploads\/2026\/02\/mar-sq.jpg 1080w, https:\/\/abordohub.com\/wp-content\/uploads\/2026\/02\/mar-sq-980x980.jpg 980w, https:\/\/abordohub.com\/wp-content\/uploads\/2026\/02\/mar-sq-480x480.jpg 480w\" sizes=\"(min-width: 0px) and (max-width: 480px) 480px, (min-width: 481px) and (max-width: 980px) 980px, (min-width: 981px) 1080px, 100vw\" class=\"wp-image-8842\" alt=\"\"><\/span><\/div>\n\n<div class=\"et_pb_heading_1 et_pb_heading et_pb_module et_flex_module exclude-heading preset--module--divi-heading--1c62ibrgn4\"><div class=\"et_pb_heading_container\"><h3 class=\"et_pb_module_header\">Mar Carrasco<\/h3><\/div><\/div>\n\n<div class=\"et_pb_text_1 et_pb_text et_pb_bg_layout_light et_pb_module et_flex_module preset--group--divi-text--divi-font-body--default preset--module--divi-text--default\"><div class=\"et_pb_text_inner\"><p>Sono nata nella bella Verde Antequera (Oaxaca), amante della storia dell'arte, del teatro, della gastronomia e dell'insegnamento Montessori; credo fermamente che con organizzazione, costanza e impegno si possa fare tutto ci\u00f2 che piace, perch\u00e9 s\u00ec, ho studiato tutto questo.<\/p>\n<p>Mi piace essere in costante movimento e conoscere nuovi posti; per me, i giorni in cui non si fa nulla significano camminare, leggere e cucinare cose buone.<\/p>\n<p>Nel 2020 ho iniziato a esplorare il mondo digitale, il che mi ha portato a specializzarmi nel content marketing, e questo mi ha fatto scoprire nuove strade.<\/p>\n<p>Oggi mi occupo di SEO e dirigo la creazione di contenuti per noi e per i nostri clienti, promuovendo progetti che fanno il giro del mondo!<\/p>\n<\/div><\/div>\n\n<ul class=\"et_pb_social_media_follow_0 et_pb_social_media_follow et_pb_bg_layout_light et_pb_module et_flex_module\">\n<li class=\"et_pb_social_media_follow_network_0 et_pb_social_media_follow_network et_pb_social_icon et_pb_social_network_link et-social-instagram et_pb_module et_flex_module\"><a href=\"https:\/\/www.instagram.com\/mar_carrasco17\/\" class=\"icon\" target=\"_self\" title=\"Follow on Instagram\" rel=\"noopener\"><span class=\"et_pb_social_media_follow_network_name\">Follow<\/span><\/a><\/li>\n\n<li class=\"et_pb_social_media_follow_network_1 et_pb_social_media_follow_network et_pb_social_icon et_pb_social_network_link et-pb-social-fa-icon et-social-tiktok et_pb_module et_flex_module\"><a href=\"https:\/\/www.tiktok.com\/@abordo_hub\" class=\"icon\" target=\"_self\" title=\"Follow on TikTok\" rel=\"noopener\"><span class=\"et_pb_social_media_follow_network_name\">Follow<\/span><\/a><\/li>\n<\/ul>\n<\/div>\n<\/div>\n\n<div class=\"et_pb_column_2 et_pb_column et-last-child et_flex_column et_pb_css_mix_blend_mode_passthrough et_flex_column_12_24 et_flex_column_12_24_tablet et_flex_column_24_24_phone preset--module--divi-column--default\">\n<div class=\"et_pb_group_1 et_pb_group et-last-child et_pb_module et_flex_group et_pb_css_mix_blend_mode_passthrough\" id=\"author\">\n<div class=\"et_pb_image_1 et_pb_image et_pb_module et_flex_module\"><span class=\"et_pb_image_wrap\"><img loading=\"lazy\" decoding=\"async\" src=\"https:\/\/abordohub.com\/wp-content\/uploads\/2026\/02\/pietro-sq.jpg\" title=\"pietro-sq\" width=\"1080\" height=\"1080\" srcset=\"https:\/\/abordohub.com\/wp-content\/uploads\/2026\/02\/pietro-sq.jpg 1080w, https:\/\/abordohub.com\/wp-content\/uploads\/2026\/02\/pietro-sq-980x980.jpg 980w, https:\/\/abordohub.com\/wp-content\/uploads\/2026\/02\/pietro-sq-480x480.jpg 480w\" sizes=\"(min-width: 0px) and (max-width: 480px) 480px, (min-width: 481px) and (max-width: 980px) 980px, (min-width: 981px) 1080px, 100vw\" class=\"wp-image-8841\" alt=\"\"><\/span><\/div>\n\n<div class=\"et_pb_heading_2 et_pb_heading et_pb_module et_flex_module exclude-heading preset--module--divi-heading--1c62ibrgn4\"><div class=\"et_pb_heading_container\"><h3 class=\"et_pb_module_header\">Pietro Mina<\/h3><\/div><\/div>\n\n<div class=\"et_pb_text_2 et_pb_text et_pb_bg_layout_light et_pb_module et_flex_module preset--group--divi-text--divi-font-body--default preset--module--divi-text--default\"><div class=\"et_pb_text_inner\"><p>50% messicano, 50% italiano, sono nato a Canc\u00fan e amo la musica, la fotografia, la storia e internet come mezzo per condividere il mondo con gli altri.<\/p>\n<p>Ho una mente piuttosto tecnica e mi piace capire come funzionano le cose. Mi piace molto viaggiare e conoscere da vicino nuove culture; penso che anche le destinazioni meno note abbiano sempre qualcosa da offrire.<\/p>\n<p>Ho iniziato a lavorare al computer nel 2016, passando per il web design, la creazione di contenuti e la SEO.<\/p>\n<p>Attualmente mi occupo della parte tecnica e strategica dell'hub, collaborando a progetti in diversi paesi e aiutandoli a sviluppare la loro presenza digitale.<\/p>\n<\/div><\/div>\n\n<ul class=\"et_pb_social_media_follow_1 et_pb_social_media_follow et_pb_bg_layout_light et_pb_module et_flex_module\">\n<li class=\"et_pb_social_media_follow_network_2 et_pb_social_media_follow_network et_pb_social_icon et_pb_social_network_link et-social-instagram et_pb_module et_flex_module\"><a href=\"https:\/\/www.instagram.com\/abordo_hub\" class=\"icon\" target=\"_self\" title=\"Follow on Instagram\" rel=\"noopener\"><span class=\"et_pb_social_media_follow_network_name\">Follow<\/span><\/a><\/li>\n\n<li class=\"et_pb_social_media_follow_network_3 et_pb_social_media_follow_network et_pb_social_icon et_pb_social_network_link et-pb-social-fa-icon et-social-tiktok et_pb_module et_flex_module\"><a href=\"https:\/\/www.tiktok.com\/@abordo_hub\" class=\"icon\" target=\"_self\" title=\"Follow on TikTok\" rel=\"noopener\"><span class=\"et_pb_social_media_follow_network_name\">Follow<\/span><\/a><\/li>\n<\/ul>\n<\/div>\n<\/div>\n<\/div>\n<\/div>\n\n<div class=\"et_pb_section_2 et_pb_section et_section_regular et_flex_section preset--module--divi-section--default\">\n<div class=\"et_pb_row_2 et_pb_row et_flex_row preset--module--divi-row--default\">\n<div class=\"et_pb_column_3 et_pb_column et-last-child et_flex_column et_pb_css_mix_blend_mode_passthrough et_flex_column_24_24 et_flex_column_24_24_tablet et_flex_column_24_24_phone preset--module--divi-column--default\">\n<div class=\"et_pb_heading_3 et_pb_heading et_pb_module et_flex_module preset--group--divi-heading--divi-font--d8emvgym6j preset--module--divi-heading--1c62ibrgn4\"><div class=\"et_pb_heading_container\"><h4 class=\"et_pb_module_header\">Camminando Insieme<\/h4><\/div><\/div>\n\n<div class=\"et_pb_text_3 et_pb_text et_pb_bg_layout_light et_pb_module et_flex_module preset--group--divi-text--divi-font-body--default preset--module--divi-text--default\"><div class=\"et_pb_text_inner\"><p><span>All'interno di A Bordo esiste anche <strong>Camminando Insieme<\/strong>, il nostro blog personale, <\/span><span>dove ti raccontiamo che non serve sempre andare nei posti pi\u00f9 famosi per vivere una giornata straordinaria. <\/span> <\/p>\n<p><strong>Abbiamo iniziato esplorando il Messico<\/strong> quando eravamo ancora fidanzati, arrivando a conoscere undici stati che ci hanno insegnato qualcosa che oggi definisce il nostro progetto: viaggiare con uno scopo.<\/p>\n<p><strong>Crediamo che non sia sempre necessario andare nelle destinazioni pi\u00f9 famose<\/strong> per vivere esperienze memorabili. <strong>Ogni luogo ha qualcosa da offrire se lo si osserva con curiosit\u00e0<\/strong>.<\/p>\n<p>Camminando Insieme \u00e8 il nostro modo di documentare questo percorso.<\/p>\n<p>Perch\u00e9 essere <strong>A Bordo<\/strong> non \u00e8 solo viaggiare: <strong>\u00e8 aprire porte, creare connessioni e lasciare un'impronta in ogni luogo che visitiamo<\/strong>.<\/p>\n<\/div><\/div>\n\n<div class=\"et_pb_module et_pb_button_module_wrapper et_pb_button_0_wrapper preset--module--divi-button--4m51hw684l_wrapper preset--module--divi-button--7pmdn7b7xc_wrapper preset--module--divi-button--default_wrapper preset--module--divi-button--0et048tt14_wrapper\"><a class=\"et_pb_button_0 et_pb_button et_pb_bg_layout_light et_pb_module et_flex_module preset--module--divi-button--4m51hw684l preset--module--divi-button--7pmdn7b7xc preset--module--divi-button--default preset--module--divi-button--0et048tt14\" href=\"https:\/\/www.instagram.com\/abordo_hub\" target=\"_blank\" rel=\"noopener\">Seguici!<\/a><\/div>\n<\/div>\n<\/div>\n\n<div class=\"et_pb_row_3 et_pb_row et_grid_row preset--module--divi-row--default\"><div class=\"et_pb_column_4 et_pb_column et_flex_column et_pb_css_mix_blend_mode_passthrough et_clickable preset--module--divi-column--default\" data-loop-item=\"0\">\n<div class=\"et_pb_heading_4 et_pb_heading et_pb_module et_flex_module preset--group--divi-heading--divi-spacing--iupn3s3cie preset--group--divi-heading--divi-spacing--cec0fvkdsp preset--module--divi-heading--8r623vfmv8 preset--module--divi-heading--v824uglfum\"><div class=\"et_pb_heading_container\"><h4 class=\"et_pb_module_header\">Guida Completa per Visitare il Parco Archeologico di Pompei<\/h4><\/div><\/div>\n<\/div><div class=\"et_pb_column_5 et_pb_column et_flex_column et_pb_css_mix_blend_mode_passthrough et_clickable preset--module--divi-column--default\" data-loop-item=\"1\">\n<div class=\"et_pb_heading_5 et_pb_heading et_pb_module et_flex_module preset--group--divi-heading--divi-spacing--iupn3s3cie preset--group--divi-heading--divi-spacing--cec0fvkdsp preset--module--divi-heading--8r623vfmv8 preset--module--divi-heading--v824uglfum\"><div class=\"et_pb_heading_container\"><h4 class=\"et_pb_module_header\">Bologna: Tra Torri, Portici e Sapori che Incantano<\/h4><\/div><\/div>\n<\/div><div class=\"et_pb_column_6 et_pb_column et_flex_column et_pb_css_mix_blend_mode_passthrough et_clickable preset--module--divi-column--default\" data-loop-item=\"2\">\n<div class=\"et_pb_heading_6 et_pb_heading et_pb_module et_flex_module preset--group--divi-heading--divi-spacing--iupn3s3cie preset--group--divi-heading--divi-spacing--cec0fvkdsp preset--module--divi-heading--8r623vfmv8 preset--module--divi-heading--v824uglfum\"><div class=\"et_pb_heading_container\"><h4 class=\"et_pb_module_header\">Museo del Deserto a Saltillo: Un Viaggio nel Passato e Presente del Messico<\/h4><\/div><\/div>\n<\/div><div class=\"et_pb_column_7 et_pb_column et_flex_column et_pb_css_mix_blend_mode_passthrough et_clickable preset--module--divi-column--default\" data-loop-item=\"3\">\n<div class=\"et_pb_heading_7 et_pb_heading et_pb_module et_flex_module preset--group--divi-heading--divi-spacing--iupn3s3cie preset--group--divi-heading--divi-spacing--cec0fvkdsp preset--module--divi-heading--8r623vfmv8 preset--module--divi-heading--v824uglfum\"><div class=\"et_pb_heading_container\"><h4 class=\"et_pb_module_header\">Cammino verso il Santuario di Oropa - Guida completa: storia, consigli e come arrivare<\/h4><\/div><\/div>\n<\/div><div class=\"et_pb_column_8 et_pb_column et_flex_column et_pb_css_mix_blend_mode_passthrough et_clickable preset--module--divi-column--default\" data-loop-item=\"4\">\n<div class=\"et_pb_heading_8 et_pb_heading et_pb_module et_flex_module preset--group--divi-heading--divi-spacing--iupn3s3cie preset--group--divi-heading--divi-spacing--cec0fvkdsp preset--module--divi-heading--8r623vfmv8 preset--module--divi-heading--v824uglfum\"><div class=\"et_pb_heading_container\"><h4 class=\"et_pb_module_header\">Monte Alb\u00e1n Oaxaca: Un viaggio nel cuore millenario - Guida completa<\/h4><\/div><\/div>\n<\/div><div class=\"et_pb_column_9 et_pb_column et_flex_column et_pb_css_mix_blend_mode_passthrough et_clickable preset--module--divi-column--default\" data-loop-item=\"5\">\n<div class=\"et_pb_heading_9 et_pb_heading et_pb_module et_flex_module preset--group--divi-heading--divi-spacing--iupn3s3cie preset--group--divi-heading--divi-spacing--cec0fvkdsp preset--module--divi-heading--8r623vfmv8 preset--module--divi-heading--v824uglfum\"><div class=\"et_pb_heading_container\"><h4 class=\"et_pb_module_header\">Scopri il Museo Egizio di Torino: un viaggio nel cuore dell&#039;Antico Egitto in Italia<\/h4><\/div><\/div>\n<\/div><div class=\"et_pb_column_10 et_pb_column et-last-child et_flex_column et_pb_css_mix_blend_mode_passthrough preset--module--divi-column--default\">\n<div class=\"et_pb_module et_pb_button_module_wrapper et_pb_button_1_wrapper preset--module--divi-button--default_wrapper preset--module--divi-button--0et048tt14_wrapper preset--module--divi-button--txu7apm68c_wrapper\"><a class=\"et_pb_button_1 et_pb_button et_pb_bg_layout_light et_pb_module et_flex_module preset--module--divi-button--default preset--module--divi-button--0et048tt14 preset--module--divi-button--txu7apm68c\" href=\"\">Visita il nostro blog<\/a><\/div>\n<\/div><\/div>\n<\/div>","protected":false},"excerpt":{"rendered":"","protected":false},"author":1,"featured_media":9444,"parent":0,"menu_order":0,"comment_status":"closed","ping_status":"closed","template":"","meta":{"_acf_changed":false,"footnotes":""},"dipi_cpt_category":[],"class_list":["post-9443","page","type-page","status-publish","has-post-thumbnail","hentry"],"acf":[],"_links":{"self":[{"href":"https:\/\/www.abordohub.com\/it\/wp-json\/wp\/v2\/pages\/9443","targetHints":{"allow":["GET"]}}],"collection":[{"href":"https:\/\/www.abordohub.com\/it\/wp-json\/wp\/v2\/pages"}],"about":[{"href":"https:\/\/www.abordohub.com\/it\/wp-json\/wp\/v2\/types\/page"}],"author":[{"embeddable":true,"href":"https:\/\/www.abordohub.com\/it\/wp-json\/wp\/v2\/users\/1"}],"replies":[{"embeddable":true,"href":"https:\/\/www.abordohub.com\/it\/wp-json\/wp\/v2\/comments?post=9443"}],"version-history":[{"count":1,"href":"https:\/\/www.abordohub.com\/it\/wp-json\/wp\/v2\/pages\/9443\/revisions"}],"predecessor-version":[{"id":9445,"href":"https:\/\/www.abordohub.com\/it\/wp-json\/wp\/v2\/pages\/9443\/revisions\/9445"}],"wp:featuredmedia":[{"embeddable":true,"href":"https:\/\/www.abordohub.com\/it\/wp-json\/wp\/v2\/media\/9444"}],"wp:attachment":[{"href":"https:\/\/www.abordohub.com\/it\/wp-json\/wp\/v2\/media?parent=9443"}],"wp:term":[{"taxonomy":"dipi_cpt_category","embeddable":true,"href":"https:\/\/www.abordohub.com\/it\/wp-json\/wp\/v2\/dipi_cpt_category?post=9443"}],"curies":[{"name":"wp","href":"https:\/\/api.w.org\/{rel}","templated":true}]}}