{"id":9435,"date":"2026-02-26T16:53:45","date_gmt":"2026-02-26T22:53:45","guid":{"rendered":"https:\/\/www.abordohub.com\/community\/"},"modified":"2026-03-05T22:22:08","modified_gmt":"2026-03-06T04:22:08","slug":"community","status":"publish","type":"page","link":"https:\/\/www.abordohub.com\/it\/community\/","title":{"rendered":"Community"},"content":{"rendered":"<div class=\"et_pb_section_0 et_pb_section et_section_regular et_flex_section preset--group--divi-section--divi-background--jv4v4rxzxy preset--module--divi-section--tztlsoskym\">\n<div class=\"et_pb_row_0 et_pb_row et_flex_row glass preset--group--divi-row--divi-border--uybmqrc9d8 preset--group--divi-row--divi-box-shadow--gukxvsxu6s preset--group--divi-row--divi-spacing--y8hur1z4qt preset--module--divi-row--default\">\n<div class=\"et_pb_column_0 et_pb_column et-last-child et_flex_column et_pb_css_mix_blend_mode_passthrough et_flex_column_24_24 et_flex_column_24_24_tablet et_flex_column_24_24_phone preset--module--divi-column--default\">\n<div class=\"et_pb_heading_0 et_pb_heading et_pb_module et_flex_module preset--module--divi-heading--z9zbjtabxd preset--module--divi-heading--yzta2i8pe5 preset--module--divi-heading--v824uglfum\"><div class=\"et_pb_heading_container\"><h1 class=\"et_pb_module_header\">Community A BORDO<\/h1><\/div><\/div>\n\n<div class=\"et_pb_heading_1 et_pb_heading et_pb_module et_flex_module preset--module--divi-heading--v824uglfum preset--module--divi-heading--z9zbjtabxd preset--module--divi-heading--3447gks5d9\"><div class=\"et_pb_heading_container\"><h2 class=\"et_pb_module_header\">Collega il tuo progetto alla nostra rete globale<\/h2><\/div><\/div>\n<\/div>\n<\/div>\n<\/div>\n\n<div class=\"et_pb_section_1 et_pb_section et_section_regular et_flex_section preset--module--divi-section--default\">\n<div class=\"et_pb_row_1 et_pb_row et_flex_row preset--module--divi-row--default\">\n<div class=\"et_pb_column_1 et_pb_column et_flex_column et_pb_css_mix_blend_mode_passthrough et_flex_column_3_5 et_flex_column_3_5_tablet et_flex_column_24_24_phone preset--module--divi-column--default\">\n<div class=\"et_pb_heading_2 et_pb_heading et_pb_module et_flex_module preset--module--divi-heading--6pmqxwbav2\"><div class=\"et_pb_heading_container\"><h3 class=\"et_pb_module_header\">Che cos\u2019\u00e8 la Community A BORDO?<\/h3><\/div><\/div>\n\n<div class=\"et_pb_text_0 et_pb_text et_pb_bg_layout_light et_pb_module et_flex_module preset--group--divi-text--divi-font-body--default preset--module--divi-text--default\"><div class=\"et_pb_text_inner\"><p>La Community A Bordo \u00e8 il cuore dell\u2019HUB. <strong>Una rete globale di persone che creano, fanno impresa, comunicano o portano avanti progetti con uno scopo.<\/strong>\u200b<\/p>\n<p>Il nostro obiettivo \u00e8 connettere iniziative che vogliono crescere con persone interessate a scoprire, collaborare e sostenere nuove idee.<\/p>\n<p>Non importa se il tuo progetto \u00e8 legato all\u2019arte, al business, ai viaggi, alla musica o al mondo digitale... <strong>Raccontacelo e facciamo qualcosa insieme!<\/strong><\/p>\n<\/div><\/div>\n\n<div class=\"et_pb_heading_3 et_pb_heading et_pb_module et_flex_module preset--module--divi-heading--3447gks5d9\"><div class=\"et_pb_heading_container\"><h3 class=\"et_pb_module_header\">Cosa offriamo?<\/h3><\/div><\/div>\n\n<div class=\"et_pb_text_1 et_pb_text et_pb_bg_layout_light et_pb_module et_flex_module preset--group--divi-text--divi-font-body--default preset--module--divi-text--default\"><div class=\"et_pb_text_inner\"><p>Unendoti alla Community A Bordo, il tuo progetto diventer\u00e0 parte attiva della nostra piattaforma. Avrai accesso a nuove opportunit\u00e0 di crescita, visibilit\u00e0 e collaborazione.<\/p>\n<p>Questo include:<\/p>\n<ul>\n<li>Collaborazioni sui social media<\/li>\n<li>Presenza nelle nostre raccomandazioni personalizzate (Social + Newsletter)<\/li>\n<li>Menzioni negli articoli del nostro <a href=\"https:\/\/www.abordohub.com\/en\/blog\/\" title=\"Blog Camminando Insieme\">blog Camminando Insieme<\/a><\/li>\n<li>Opportunit\u00e0 di interviste, recensioni, foto e video<\/li>\n<li>Partecipazione gratuita ad attivit\u00e0 per attirare nuovi clienti<\/li>\n<li>Integrazione in una community globale in crescita<\/li>\n<\/ul>\n<p>Il nostro obiettivo \u00e8 semplice: aiutare i progetti giusti a trovare le persone giuste.<\/p>\n<\/div><\/div>\n<\/div>\n\n<div class=\"et_pb_column_2 et_pb_column et-last-child et_flex_column et_pb_css_mix_blend_mode_passthrough et_flex_column_2_5 et_flex_column_2_5_tablet et_flex_column_24_24_phone preset--module--divi-column--default\">\n<div class=\"et_pb_image_0 et_pb_image et_pb_module et_flex_module\"><span class=\"et_pb_image_wrap\"><img loading=\"lazy\" decoding=\"async\" src=\"https:\/\/abordohub.com\/wp-content\/uploads\/2025\/12\/DSC0280.jpg\" title=\"_DSC0280\" width=\"1824\" height=\"2280\" srcset=\"https:\/\/abordohub.com\/wp-content\/uploads\/2025\/12\/DSC0280.jpg 1824w, https:\/\/abordohub.com\/wp-content\/uploads\/2025\/12\/DSC0280-1280x1600.jpg 1280w, https:\/\/abordohub.com\/wp-content\/uploads\/2025\/12\/DSC0280-980x1225.jpg 980w, https:\/\/abordohub.com\/wp-content\/uploads\/2025\/12\/DSC0280-480x600.jpg 480w\" sizes=\"(min-width: 0px) and (max-width: 480px) 480px, (min-width: 481px) and (max-width: 980px) 980px, (min-width: 981px) and (max-width: 1280px) 1280px, (min-width: 1281px) 1824px, 100vw\" class=\"wp-image-7997\" alt=\"\"><\/span><\/div>\n<\/div>\n<\/div>\n<\/div>\n\n<div class=\"et_pb_section_2 et_pb_section et_section_regular et_flex_section preset--module--divi-section--default\">\n<div class=\"et_pb_row_2 et_pb_row et_flex_row preset--module--divi-row--default\">\n<div class=\"et_pb_column_3 et_pb_column et-last-child et_flex_column et_pb_css_mix_blend_mode_passthrough et_flex_column_24_24 et_flex_column_24_24_tablet et_flex_column_24_24_phone preset--module--divi-column--default\">\n<div class=\"et_pb_heading_4 et_pb_heading et_pb_module et_flex_module preset--module--divi-heading--z9zbjtabxd\"><div class=\"et_pb_heading_container\"><h3 class=\"et_pb_module_header\">Come unirti?<\/h3><\/div><\/div>\n<\/div>\n<\/div>\n\n<div class=\"et_pb_row_3 et_pb_row et_flex_row preset--module--divi-row--default\">\n<div class=\"et_pb_column_4 et_pb_column et_flex_column et_pb_css_mix_blend_mode_passthrough et_flex_column_8_24 et_flex_column_8_24_tablet et_flex_column_24_24_phone preset--module--divi-column--default\">\n<div class=\"et_pb_group_0 et_pb_group et-last-child et_pb_module et_flex_group et_pb_css_mix_blend_mode_passthrough preset--group--divi-group--divi-border--nested--1dji69at3t preset--group--divi-group--divi-border--nested--i2tgucmqju preset--group--divi-group--divi-box-shadow--nested--x2273vks79 preset--group--divi-group--divi-spacing--nested--9mqdml5iml preset--module--divi-group--mxx7ise1br preset--module--divi-group--5jzn15d883 preset--module--divi-group--iporpztr1z preset--module--divi-group--ubhcxv2nr1 preset--module--divi-group--b4zuay9e5k\">\n<div class=\"et_pb_image_1 et_pb_image et_pb_module et_flex_module\"><span class=\"et_pb_image_wrap\"><img loading=\"lazy\" decoding=\"async\" src=\"https:\/\/abordohub.com\/wp-content\/uploads\/2025\/12\/icons8-report-card-100.png\" title=\"icons8-report-card-100\" width=\"100\" height=\"100\" sizes=\"(max-width: 100px) 100vw, 100px\" class=\"wp-image-1230\" alt=\"\"><\/span><\/div>\n\n<div class=\"et_pb_heading_5 et_pb_heading et_pb_module et_flex_module preset--module--divi-heading--z9zbjtabxd preset--module--divi-heading--w5tsk0ykpn\"><div class=\"et_pb_heading_container\"><h5 class=\"et_pb_module_header\">1. Invia le tue informazioni<\/h5><\/div><\/div>\n\n<div class=\"et_pb_text_2 et_pb_text et_pb_bg_layout_light et_pb_module et_flex_module preset--module--divi-text--default preset--module--divi-text--v65t9x073t\"><div class=\"et_pb_text_inner\"><p>Compila il modulo nella nostra pagina contatti.<\/p>\n<\/div><\/div>\n<\/div>\n<\/div>\n\n<div class=\"et_pb_column_5 et_pb_column et_flex_column et_pb_css_mix_blend_mode_passthrough et_flex_column_8_24 et_flex_column_8_24_tablet et_flex_column_24_24_phone preset--module--divi-column--default\">\n<div class=\"et_pb_group_1 et_pb_group et-last-child et_pb_module et_flex_group et_pb_css_mix_blend_mode_passthrough preset--group--divi-group--divi-border--nested--1dji69at3t preset--group--divi-group--divi-border--nested--i2tgucmqju preset--group--divi-group--divi-box-shadow--nested--x2273vks79 preset--group--divi-group--divi-spacing--nested--9mqdml5iml preset--module--divi-group--mxx7ise1br preset--module--divi-group--5jzn15d883 preset--module--divi-group--iporpztr1z preset--module--divi-group--ubhcxv2nr1 preset--module--divi-group--b4zuay9e5k\">\n<div class=\"et_pb_image_2 et_pb_image et_pb_module et_flex_module\"><span class=\"et_pb_image_wrap\"><img loading=\"lazy\" decoding=\"async\" src=\"https:\/\/abordohub.com\/wp-content\/uploads\/2025\/12\/icons8-charity-100.png\" title=\"icons8-charity-100\" width=\"100\" height=\"100\" sizes=\"(max-width: 100px) 100vw, 100px\" class=\"wp-image-569\" alt=\"\"><\/span><\/div>\n\n<div class=\"et_pb_heading_6 et_pb_heading et_pb_module et_flex_module preset--module--divi-heading--z9zbjtabxd preset--module--divi-heading--w5tsk0ykpn\"><div class=\"et_pb_heading_container\"><h5 class=\"et_pb_module_header\">2. Ricevi il benvenuto<\/h5><\/div><\/div>\n\n<div class=\"et_pb_text_3 et_pb_text et_pb_bg_layout_light et_pb_module et_flex_module preset--module--divi-text--default preset--module--divi-text--v65t9x073t\"><div class=\"et_pb_text_inner\"><p>Ti invieremo un\u2019email.<\/p>\n<\/div><\/div>\n<\/div>\n<\/div>\n\n<div class=\"et_pb_column_6 et_pb_column et-last-child et_flex_column et_pb_css_mix_blend_mode_passthrough et_flex_column_8_24 et_flex_column_8_24_tablet et_flex_column_24_24_phone preset--module--divi-column--default\">\n<div class=\"et_pb_group_2 et_pb_group et-last-child et_pb_module et_flex_group et_pb_css_mix_blend_mode_passthrough preset--group--divi-group--divi-border--nested--1dji69at3t preset--group--divi-group--divi-border--nested--i2tgucmqju preset--group--divi-group--divi-box-shadow--nested--x2273vks79 preset--group--divi-group--divi-spacing--nested--9mqdml5iml preset--module--divi-group--mxx7ise1br preset--module--divi-group--5jzn15d883 preset--module--divi-group--iporpztr1z preset--module--divi-group--ubhcxv2nr1 preset--module--divi-group--b4zuay9e5k\">\n<div class=\"et_pb_image_3 et_pb_image et_pb_module et_flex_module\"><span class=\"et_pb_image_wrap\"><img loading=\"lazy\" decoding=\"async\" src=\"https:\/\/abordohub.com\/wp-content\/uploads\/2025\/12\/icons8-rocket-100.png\" title=\"icons8-rocket-100\" width=\"100\" height=\"100\" sizes=\"(max-width: 100px) 100vw, 100px\" class=\"wp-image-1242\" alt=\"\"><\/span><\/div>\n\n<div class=\"et_pb_heading_7 et_pb_heading et_pb_module et_flex_module preset--module--divi-heading--z9zbjtabxd preset--module--divi-heading--w5tsk0ykpn\"><div class=\"et_pb_heading_container\"><h5 class=\"et_pb_module_header\">3. Cresciamo<\/h5><\/div><\/div>\n\n<div class=\"et_pb_text_4 et_pb_text et_pb_bg_layout_light et_pb_module et_flex_module preset--module--divi-text--default preset--module--divi-text--v65t9x073t\"><div class=\"et_pb_text_inner\"><p>Condividi e interagisci per crescere insieme.<\/p>\n<\/div><\/div>\n<\/div>\n<\/div>\n<\/div>\n\n<div class=\"et_pb_row_4 et_pb_row et_flex_row preset--module--divi-row--default\">\n<div class=\"et_pb_column_7 et_pb_column et-last-child et_flex_column et_pb_css_mix_blend_mode_passthrough et_flex_column_24_24 et_flex_column_24_24_tablet et_flex_column_24_24_phone preset--module--divi-column--default\">\n<div class=\"et_pb_module et_pb_button_module_wrapper et_pb_button_0_wrapper preset--module--divi-button--default_wrapper preset--module--divi-button--x86xkghkjk_wrapper preset--module--divi-button--txu7apm68c_wrapper\"><a class=\"et_pb_button_0 et_pb_button et_pb_bg_layout_light et_pb_module et_flex_module preset--module--divi-button--default preset--module--divi-button--x86xkghkjk preset--module--divi-button--txu7apm68c\" href=\"https:\/\/www.abordohub.com\/contacto\/\">Candidati qui<\/a><\/div>\n<\/div>\n<\/div>\n<\/div>\n\n<div class=\"et_pb_section_3 et_pb_section et_section_regular et_flex_section preset--module--divi-section--default\">\n<div class=\"et_pb_row_5 et_pb_row et_flex_row preset--module--divi-row--default\">\n<div class=\"et_pb_column_8 et_pb_column et-last-child et_flex_column et_pb_css_mix_blend_mode_passthrough et_flex_column_24_24 et_flex_column_24_24_tablet et_flex_column_24_24_phone preset--module--divi-column--default\">\n<div class=\"et_pb_heading_8 et_pb_heading et_pb_module et_flex_module preset--module--divi-heading--twc3pgn80l preset--module--divi-heading--z9zbjtabxd\"><div class=\"et_pb_heading_container\"><h1 class=\"et_pb_module_header\">I progetti che fanno parte della community A BORDO sono presenti in...<\/h1><\/div><\/div>\n\n<div class=\"et_pb_code_0 et_pb_code et_pb_module\"><div class=\"et_pb_code_inner\"><div class=\"map_wrapper\" id=\"map_wrapper_9105\">\n<div class=\"map_box\" style=\"max-width:2000px\">\n<div class=\"map_aspect_ratio\" style=\"padding-top:56%\" data-padding-top=\"56%\" data-padding-top-mobile=\"0%\">\n<div class=\"map_container\">\n<div class=\"map_render map_loading\" id=\"map_9105\"><\/div>\n<\/div>\n<\/div>\n<\/div>\n<\/div><\/div><\/div>\n<\/div>\n<\/div>\n<\/div>","protected":false},"excerpt":{"rendered":"","protected":false},"author":1,"featured_media":9436,"parent":0,"menu_order":0,"comment_status":"closed","ping_status":"closed","template":"","meta":{"_acf_changed":false,"footnotes":""},"dipi_cpt_category":[],"class_list":["post-9435","page","type-page","status-publish","has-post-thumbnail","hentry"],"acf":[],"_links":{"self":[{"href":"https:\/\/www.abordohub.com\/it\/wp-json\/wp\/v2\/pages\/9435","targetHints":{"allow":["GET"]}}],"collection":[{"href":"https:\/\/www.abordohub.com\/it\/wp-json\/wp\/v2\/pages"}],"about":[{"href":"https:\/\/www.abordohub.com\/it\/wp-json\/wp\/v2\/types\/page"}],"author":[{"embeddable":true,"href":"https:\/\/www.abordohub.com\/it\/wp-json\/wp\/v2\/users\/1"}],"replies":[{"embeddable":true,"href":"https:\/\/www.abordohub.com\/it\/wp-json\/wp\/v2\/comments?post=9435"}],"version-history":[{"count":1,"href":"https:\/\/www.abordohub.com\/it\/wp-json\/wp\/v2\/pages\/9435\/revisions"}],"predecessor-version":[{"id":9437,"href":"https:\/\/www.abordohub.com\/it\/wp-json\/wp\/v2\/pages\/9435\/revisions\/9437"}],"wp:featuredmedia":[{"embeddable":true,"href":"https:\/\/www.abordohub.com\/it\/wp-json\/wp\/v2\/media\/9436"}],"wp:attachment":[{"href":"https:\/\/www.abordohub.com\/it\/wp-json\/wp\/v2\/media?parent=9435"}],"wp:term":[{"taxonomy":"dipi_cpt_category","embeddable":true,"href":"https:\/\/www.abordohub.com\/it\/wp-json\/wp\/v2\/dipi_cpt_category?post=9435"}],"curies":[{"name":"wp","href":"https:\/\/api.w.org\/{rel}","templated":true}]}}