{"id":9404,"date":"2026-02-26T18:24:07","date_gmt":"2026-02-27T00:24:07","guid":{"rendered":"https:\/\/www.abordohub.com\/plania\/"},"modified":"2026-03-05T22:21:29","modified_gmt":"2026-03-06T04:21:29","slug":"plania","status":"publish","type":"page","link":"https:\/\/www.abordohub.com\/it\/progetti\/plania\/","title":{"rendered":"Plania"},"content":{"rendered":"<div class=\"et_pb_section_0 et_pb_section et_section_regular et_flex_section preset--module--divi-section--default\">\n<div class=\"et_pb_row_0 et_pb_row et_flex_row preset--module--divi-row--default\">\n<div class=\"et_pb_column_0 et_pb_column et_flex_column et_pb_css_mix_blend_mode_passthrough et_flex_column_12_24 et_flex_column_12_24_tablet et_flex_column_24_24_phone preset--module--divi-column--default\">\n<div class=\"et_pb_group_0 et_pb_group et_pb_module et_flex_group et_pb_css_mix_blend_mode_passthrough\">\n<div class=\"et_pb_heading_0 et_pb_heading et_pb_module et_flex_module preset--module--divi-heading--ioj01ettbp preset--module--divi-heading--oyfxaej6c4 preset--module--divi-heading--nug91alyh6\"><div class=\"et_pb_heading_container\"><h1 class=\"et_pb_module_header\">Plania<\/h1><\/div><\/div>\n\n<div class=\"et_pb_heading_1 et_pb_heading et_pb_module et_flex_module preset--module--divi-heading--8r623vfmv8\"><div class=\"et_pb_heading_container\"><h3 class=\"et_pb_module_header\">Di A Bordo<\/h3><\/div><\/div>\n<\/div>\n\n<div class=\"et_pb_text_0 et_pb_text et_pb_bg_layout_light et_pb_module et_flex_module preset--group--divi-text--divi-font-body--default preset--module--divi-text--default\"><div class=\"et_pb_text_inner\"><p>\ud83d\uddfa\ufe0f Plania \u00e8 uno strumento che abbiamo sviluppato partendo da una situazione in cui investivamo molto tempo: pianificare i nostri viaggi.<\/p>\n<p>Abbiamo sempre avuto l\u2019anima da viaggiatori, curiosit\u00e0 per il mondo e le sue culture; e pianificare bene le destinazioni che visiteremo \u00e8 molto importante per noi: assicurarci di includere tutto ci\u00f2 che volevamo, e anche ci\u00f2 che non sapevamo di volere... Cose che scopri solo quando sei sul posto, e allora i piani si sbilanciano.<\/p>\n<p>Plania funziona per qualsiasi destinazione nel mondo e si comporta come un local: ti consiglia un itinerario personalizzato in base ai tuoi interessi e si assicura che non manchi nulla nel tuo viaggio.<\/p>\n<\/div><\/div>\n<\/div>\n\n<div class=\"et_pb_column_1 et_pb_column et-last-child et_flex_column et_pb_css_mix_blend_mode_passthrough et_flex_column_12_24 et_flex_column_12_24_tablet et_flex_column_24_24_phone preset--module--divi-column--default\">\n<div class=\"et_pb_group_1 et_pb_group et-last-child et_pb_module et_flex_group et_pb_css_mix_blend_mode_passthrough preset--group--divi-group--divi-border--nested--uybmqrc9d8 preset--group--divi-group--divi-border--nested--1dji69at3t preset--group--divi-group--divi-border--nested--i2tgucmqju preset--group--divi-group--divi-box-shadow--nested--3mvddw2lkk preset--group--divi-group--divi-box-shadow--nested--bjlge2akk3 preset--group--divi-group--divi-spacing--nested--cec0fvkdsp preset--module--divi-group--kkezz7678r preset--module--divi-group--c22z7ppy3m preset--module--divi-group--iporpztr1z\">\n<div class=\"et_pb_heading_2 et_pb_heading et_pb_module et_flex_module preset--module--divi-heading--3447gks5d9\"><div class=\"et_pb_heading_container\"><h2 class=\"et_pb_module_header\">La tua guida di viaggio intelligente, creata da viaggiatori per viaggiatori.<\/h2><\/div><\/div>\n\n<div class=\"et_pb_text_1 et_pb_text et_pb_bg_layout_light et_pb_module et_flex_module preset--group--divi-text--divi-font-body--default preset--module--divi-text--default\"><div class=\"et_pb_text_inner\"><p>In meno di 2 minuti Plania crea un itinerario di viaggio personalizzato e lo invia alla tua email.<\/p>\n<\/div><\/div>\n\n<div class=\"et_pb_code_0 et_pb_code et_pb_module\"><div class=\"et_pb_code_inner\"><iframe data-tally-src=\"https:\/\/tally.so\/embed\/wkQOlj?alignLeft=1&amp;hideTitle=1&amp;transparentBackground=1&amp;dynamicHeight=1\" loading=\"lazy\" width=\"100%\" height=\"440\" frameborder=\"0\" marginheight=\"0\" marginwidth=\"0\" title=\"L\u2019itinerario perfetto\"><\/iframe><\/div><\/div>\n<\/div>\n<\/div>\n<\/div>\n<\/div>","protected":false},"excerpt":{"rendered":"","protected":false},"author":1,"featured_media":9405,"parent":9407,"menu_order":0,"comment_status":"closed","ping_status":"closed","template":"","meta":{"_acf_changed":false,"footnotes":""},"dipi_cpt_category":[],"class_list":["post-9404","page","type-page","status-publish","has-post-thumbnail","hentry"],"acf":[],"_links":{"self":[{"href":"https:\/\/www.abordohub.com\/it\/wp-json\/wp\/v2\/pages\/9404","targetHints":{"allow":["GET"]}}],"collection":[{"href":"https:\/\/www.abordohub.com\/it\/wp-json\/wp\/v2\/pages"}],"about":[{"href":"https:\/\/www.abordohub.com\/it\/wp-json\/wp\/v2\/types\/page"}],"author":[{"embeddable":true,"href":"https:\/\/www.abordohub.com\/it\/wp-json\/wp\/v2\/users\/1"}],"replies":[{"embeddable":true,"href":"https:\/\/www.abordohub.com\/it\/wp-json\/wp\/v2\/comments?post=9404"}],"version-history":[{"count":2,"href":"https:\/\/www.abordohub.com\/it\/wp-json\/wp\/v2\/pages\/9404\/revisions"}],"predecessor-version":[{"id":9413,"href":"https:\/\/www.abordohub.com\/it\/wp-json\/wp\/v2\/pages\/9404\/revisions\/9413"}],"up":[{"embeddable":true,"href":"https:\/\/www.abordohub.com\/it\/wp-json\/wp\/v2\/pages\/9407"}],"wp:featuredmedia":[{"embeddable":true,"href":"https:\/\/www.abordohub.com\/it\/wp-json\/wp\/v2\/media\/9405"}],"wp:attachment":[{"href":"https:\/\/www.abordohub.com\/it\/wp-json\/wp\/v2\/media?parent=9404"}],"wp:term":[{"taxonomy":"dipi_cpt_category","embeddable":true,"href":"https:\/\/www.abordohub.com\/it\/wp-json\/wp\/v2\/dipi_cpt_category?post=9404"}],"curies":[{"name":"wp","href":"https:\/\/api.w.org\/{rel}","templated":true}]}}